{"id":40496,"date":"2025-12-13T23:39:15","date_gmt":"2025-12-14T04:39:15","guid":{"rendered":"\/?page_id=40496"},"modified":"2025-12-14T09:29:43","modified_gmt":"2025-12-14T14:29:43","slug":"citrus-bliss","status":"publish","type":"page","link":"\/es\/citrus-bliss\/","title":{"rendered":"PRODUCT | BLISS &#8211; Citrus"},"content":{"rendered":"<p>[et_pb_section fb_built=&#8221;1&#8243; specialty=&#8221;on&#8221; _builder_version=&#8221;4.16&#8243; _module_preset=&#8221;default&#8221; global_colors_info=&#8221;{}&#8221;][et_pb_column type=&#8221;1_2&#8243; _builder_version=&#8221;4.16&#8243; custom_padding=&#8221;|||&#8221; global_colors_info=&#8221;{}&#8221; custom_padding__hover=&#8221;|||&#8221;][et_pb_gallery gallery_ids=&#8221;8236,8237&#8243; fullwidth=&#8221;on&#8221; _builder_version=&#8221;4.16&#8243; _module_preset=&#8221;default&#8221; width=&#8221;95%&#8221; custom_margin=&#8221;|-40px||||&#8221; custom_padding=&#8221;||0px|||&#8221; global_colors_info=&#8221;{}&#8221;][\/et_pb_gallery][et_pb_gallery gallery_ids=&#8221;21589,21587,11129&#8243; fullwidth=&#8221;on&#8221; _builder_version=&#8221;4.27.4&#8243; _module_preset=&#8221;default&#8221; custom_padding=&#8221;||0px|||&#8221; global_colors_info=&#8221;{}&#8221;][\/et_pb_gallery][\/et_pb_column][et_pb_column type=&#8221;1_2&#8243; specialty_columns=&#8221;2&#8243; _builder_version=&#8221;4.16&#8243; custom_padding=&#8221;|||&#8221; global_colors_info=&#8221;{}&#8221; custom_padding__hover=&#8221;|||&#8221;][et_pb_row_inner _builder_version=&#8221;4.16&#8243; _module_preset=&#8221;default&#8221; min_height=&#8221;502px&#8221; custom_margin=&#8221;5px||5px||false|false&#8221; custom_padding=&#8221;5px||5px||false|false&#8221; global_colors_info=&#8221;{}&#8221; locked=&#8221;off&#8221;][et_pb_column_inner saved_specialty_column_type=&#8221;1_2&#8243; _builder_version=&#8221;4.16&#8243; _module_preset=&#8221;default&#8221; global_colors_info=&#8221;{}&#8221;][et_pb_text _builder_version=&#8221;4.27.4&#8243; _module_preset=&#8221;default&#8221; text_font=&#8221;Lato|300|||||||&#8221; text_text_color=&#8221;#000000&#8243; text_font_size=&#8221;16px&#8221; text_line_height=&#8221;1.5em&#8221; header_font=&#8221;Tenor Sans|||on|||||&#8221; header_text_align=&#8221;center&#8221; header_text_color=&#8221;#000000&#8243; header_font_size=&#8221;45px&#8221; header_line_height=&#8221;1.5em&#8221; text_orientation=&#8221;center&#8221; locked=&#8221;off&#8221; global_colors_info=&#8221;{}&#8221;]<\/p>\n<p class=\"p1\" style=\"text-align: center;\"><span style=\"font-size: 16px; text-align: center;\"> <\/span><\/p>\n<h1 style=\"text-align: left;\">BLISS<\/h1>\n<p>[\/et_pb_text][et_pb_tabs _builder_version=&#8221;4.27.4&#8243; _module_preset=&#8221;default&#8221; hover_enabled=&#8221;0&#8243; locked=&#8221;off&#8221; global_colors_info=&#8221;{}&#8221; sticky_enabled=&#8221;0&#8243;][et_pb_tab title=&#8221;DESCRIPCI\u00d3N&#8221; _builder_version=&#8221;4.27.4&#8243; _module_preset=&#8221;default&#8221; body_font=&#8221;Lato||||||||&#8221; body_text_color=&#8221;#000000&#8243; tab_font=&#8221;Lato|&#8211;et_global_heading_font_weight|||||||&#8221; tab_text_color=&#8221;#000000&#8243; hover_enabled=&#8221;0&#8243; global_colors_info=&#8221;{}&#8221; sticky_enabled=&#8221;0&#8243;]<\/p>\n<p><span style=\"color: #000000;\">Adi\u00f3s a las pieles muertas Bravenly Bliss es un esmalte corporal totalmente natural, lujoso, vegano y libre de crueldad que no contiene fragancias artificiales y est\u00e1 fabricado en Estados Unidos. Con cada pulido corporal, elimina las c\u00e9lulas muertas de la superficie de la piel, \u00a1dej\u00e1ndote una piel mimada, brillante, suave y tersa!<\/span><\/p>\n<p><span style=\"color: #000000;\">Bravenly Bliss makes a wonderful gift for Christmas. O porque sabemos que lo disfrutar\u00e1s, \u00a1utiliza Bliss como un regalo de CUIDADO PERSONAL para ti mismo!  <\/span><\/p>\n<p><span style=\"color: #000000;\">El aceite esencial de c\u00edtricos presente en esta f\u00f3rmula crea un aroma fresco y vibrante que te dejar\u00e1 oliendo y sinti\u00e9ndote incre\u00edble. Te espera la felicidad.<\/span><\/p>\n<p>[\/et_pb_tab][et_pb_tab title=&#8221;INGREDIENTES&#8221; _builder_version=&#8221;4.27.4&#8243; _module_preset=&#8221;default&#8221; body_font=&#8221;Lato||||||||&#8221; body_text_color=&#8221;#000000&#8243; tab_font=&#8221;Lato|&#8211;et_global_heading_font_weight|||||||&#8221; tab_text_color=&#8221;#000000&#8243; hover_enabled=&#8221;0&#8243; global_colors_info=&#8221;{}&#8221; sticky_enabled=&#8221;0&#8243;]<\/p>\n<p>LOS INGREDIENTES INCLUYEN:<\/p>\n<p>Sodium chloride (dead sea salt), Glycerin, Cocos Nucifera (Coconut) Oil, Cocos Nucifera Extract, Simmondsia Chinensis (Jojoba) Seed Oil, Avena Sativa (Oat) Kernel Extract, Arnica Montana Flower Extract, Tocopherol (Vitamin E), Helianthus Annuus (Sunflower) Seed Oil, Essential Oil Blend: Clementine, Tangerine, Mandarin, Grapefruit, Lemon, and Wild Orange<\/p>\n<p>[\/et_pb_tab][et_pb_tab title=&#8221;C\u00d3MO USARLO&#8221; _builder_version=&#8221;4.27.4&#8243; _module_preset=&#8221;default&#8221; body_font=&#8221;Lato||||||||&#8221; body_text_color=&#8221;#000000&#8243; tab_font=&#8221;Lato|&#8211;et_global_body_font_weight|||||||&#8221; tab_text_color=&#8221;#000000&#8243; hover_enabled=&#8221;0&#8243; global_colors_info=&#8221;{}&#8221; sticky_enabled=&#8221;0&#8243;]<\/p>\n<p class=\"p1\">Aplique una peque\u00f1a cantidad del producto sobre la piel h\u00fameda en la ducha y frote suavemente el exfoliante para que penetre en la piel. Puede usarse en todo el cuerpo<\/p>\n<p class=\"p1\">PRECAUCI\u00d3N: S\u00f3lo para uso externo. Este producto podr\u00eda hacer resbaladizos los espacios de ba\u00f1o y ducha. Tenga cuidado al utilizarlo.<\/p>\n<p class=\"p1\">MANTENER FUERA DEL ALCANCE DE LOS NI\u00d1OS. NO UTILIZAR SI EL PRECINTO DE SEGURIDAD EST\u00c1 DA\u00d1ADO O FALTA. GUARDAR EN UN LUGAR FRESCO Y SECO.<\/p>\n<p>Descargo de responsabilidad de la FDA: Estas declaraciones no han sido evaluadas por la Food and Drug Administration (FDA). Este producto no est\u00e1 destinado a diagnosticar, tratar, curar o prevenir ninguna enfermedad.<\/p>\n<p>[\/et_pb_tab][et_pb_tab title=&#8221;EASY-SHIP&#8221; _builder_version=&#8221;4.27.4&#8243; _module_preset=&#8221;default&#8221; body_font=&#8221;Lato||||||||&#8221; body_text_color=&#8221;#000000&#8243; tab_font=&#8221;Lato|&#8211;et_global_body_font_weight|||||||&#8221; tab_text_color=&#8221;#000000&#8243; hover_enabled=&#8221;0&#8243; global_colors_info=&#8221;{}&#8221; sticky_enabled=&#8221;0&#8243;]<\/p>\n<p>Este art\u00edculo no est\u00e1 disponible en Easy-Ship.<\/p>\n<p>[\/et_pb_tab][\/et_pb_tabs][et_pb_text _builder_version=&#8221;4.27.4&#8243; _module_preset=&#8221;default&#8221; text_font=&#8221;Lato|300|||||||&#8221; text_text_color=&#8221;#000000&#8243; text_font_size=&#8221;16px&#8221; text_line_height=&#8221;1.5em&#8221; header_font=&#8221;Tenor Sans|700|||||||&#8221; header_text_color=&#8221;#000000&#8243; header_font_size=&#8221;24px&#8221; header_line_height=&#8221;1.5em&#8221; custom_margin=&#8221;0px|10px|10px|10px|false|false&#8221; custom_padding=&#8221;10px|10px|10px||false|false&#8221; global_colors_info=&#8221;{}&#8221;]<\/p>\n<p><strong>USD$47.00 AL POR MENOR<\/strong><\/p>\n<p><strong>USD$42.30 VIP<\/strong><\/p>\n<p>[\/et_pb_text][et_pb_button button_url=&#8221;https:\/\/shop.bydesign.com\/Bravenly\/#\/shop\/detail\/CITRUSBLISS\/from\/15653&#8221; button_text=&#8221;A\u00d1ADIR AL CARRITO&#8221; _builder_version=&#8221;4.27.4&#8243; _module_preset=&#8221;default&#8221; custom_button=&#8221;on&#8221; button_text_size=&#8221;16px&#8221; button_text_color=&#8221;#000000&#8243; button_border_color=&#8221;#000000&#8243; button_font=&#8221;Lato||||||||&#8221; custom_margin=&#8221;10px|10px|10px|10px|false|false&#8221; custom_padding=&#8221;10px||10px||false|false&#8221; global_colors_info=&#8221;{}&#8221;][\/et_pb_button][\/et_pb_column_inner][\/et_pb_row_inner][\/et_pb_column][\/et_pb_section][et_pb_section fb_built=&#8221;1&#8243; fullwidth=&#8221;on&#8221; _builder_version=&#8221;4.16&#8243; _module_preset=&#8221;default&#8221; custom_margin=&#8221;54px|||||&#8221; locked=&#8221;off&#8221; global_colors_info=&#8221;{}&#8221;][et_pb_fullwidth_header title=&#8221;BLISS&#8221; button_one_text=&#8221;DESCARGAR PDF&#8221; button_one_url=&#8221;\/wp-content\/uploads\/2025\/05\/Meet-Bliss-.pdf&#8221; _builder_version=&#8221;4.27.4&#8243; _module_preset=&#8221;default&#8221; title_text_color=&#8221;#000000&#8243; content_font=&#8221;Lato||||||||&#8221; content_text_color=&#8221;#000000&#8243; subhead_text_color=&#8221;#ffffff&#8221; background_enable_color=&#8221;off&#8221; background_image=&#8221;\/wp-content\/uploads\/2025\/03\/Website-Banners-3.jpg&#8221; custom_button_one=&#8221;on&#8221; button_one_text_color=&#8221;#000000&#8243; button_one_bg_color=&#8221;RGBA(255,255,255,0)&#8221; button_one_border_color=&#8221;#000000&#8243; button_one_font=&#8221;Lato||||||||&#8221; min_height=&#8221;262px&#8221; custom_margin=&#8221;-1px|||||&#8221; link_option_url=&#8221;\/wp-content\/uploads\/2025\/05\/Meet-Bliss-.pdf&#8221; border_color_all_image=&#8221;rgba(0,0,0,0)&#8221; global_colors_info=&#8221;{}&#8221;]<\/p>\n<p><span class=\"OYPEnA text-decoration-none text-strikethrough-none\">Kiss dead skin goodbye with our limited-edition citrus body scrub!<\/span><\/p>\n<p>[\/et_pb_fullwidth_header][\/et_pb_section][et_pb_section fb_built=&#8221;1&#8243; _builder_version=&#8221;4.16&#8243; _module_preset=&#8221;default&#8221; locked=&#8221;off&#8221; global_colors_info=&#8221;{}&#8221;][\/et_pb_section][et_pb_section fb_built=&#8221;1&#8243; _builder_version=&#8221;4.16&#8243; _module_preset=&#8221;default&#8221; locked=&#8221;off&#8221; global_colors_info=&#8221;{}&#8221;][et_pb_row _builder_version=&#8221;4.16&#8243; _module_preset=&#8221;default&#8221; custom_padding=&#8221;||0px|||&#8221; global_colors_info=&#8221;{}&#8221;][et_pb_column type=&#8221;4_4&#8243; _builder_version=&#8221;4.16&#8243; _module_preset=&#8221;default&#8221; global_colors_info=&#8221;{}&#8221;][\/et_pb_column][\/et_pb_row][\/et_pb_section][et_pb_section fb_built=&#8221;1&#8243; _builder_version=&#8221;4.16&#8243; _module_preset=&#8221;default&#8221; global_colors_info=&#8221;{}&#8221;][\/et_pb_section][et_pb_section fb_built=&#8221;1&#8243; _builder_version=&#8221;4.16&#8243; _module_preset=&#8221;default&#8221; global_colors_info=&#8221;{}&#8221;][et_pb_row _builder_version=&#8221;4.16&#8243; _module_preset=&#8221;default&#8221; custom_padding=&#8221;||0px|||&#8221; global_colors_info=&#8221;{}&#8221;][et_pb_column type=&#8221;4_4&#8243; _builder_version=&#8221;4.16&#8243; _module_preset=&#8221;default&#8221; global_colors_info=&#8221;{}&#8221;][et_pb_text _builder_version=&#8221;4.16&#8243; _module_preset=&#8221;default&#8221; header_font=&#8221;Tenor Sans||||||||&#8221; header_text_color=&#8221;#000000&#8243; header_line_height=&#8221;1.5em&#8221; global_colors_info=&#8221;{}&#8221;]<\/p>\n<h1>TAMBI\u00c9N TE PUEDE GUSTAR&#8230;<\/h1>\n<p>[\/et_pb_text][\/et_pb_column][\/et_pb_row][et_pb_row column_structure=&#8221;1_3,1_3,1_3&#8243; _builder_version=&#8221;4.16&#8243; _module_preset=&#8221;default&#8221; custom_padding=&#8221;0px||100px|||&#8221; global_colors_info=&#8221;{}&#8221;][et_pb_column type=&#8221;1_3&#8243; _builder_version=&#8221;4.16&#8243; _module_preset=&#8221;default&#8221; global_colors_info=&#8221;{}&#8221;][et_pb_image src=&#8221;\/wp-content\/uploads\/2022\/11\/Bravenly-Relief.png&#8221; title_text=&#8221;Bravenly Relief&#8221; url=&#8221;\/es\/bravenly-relief\/&#8221; _builder_version=&#8221;4.16&#8243; _module_preset=&#8221;default&#8221; global_colors_info=&#8221;{}&#8221;][\/et_pb_image][et_pb_text _builder_version=&#8221;4.27.4&#8243; _module_preset=&#8221;default&#8221; header_font=&#8221;Lato|700|||||||&#8221; header_text_color=&#8221;#000000&#8243; header_font_size=&#8221;20px&#8221; header_line_height=&#8221;1.5em&#8221; text_orientation=&#8221;center&#8221; global_colors_info=&#8221;{}&#8221;]<\/p>\n<h1>BRAVENLY RELIEF<\/h1>\n<p>[\/et_pb_text][et_pb_button button_url=&#8221;\/es\/bravenly-relief\/&#8221; button_text=&#8221;SHOP&#8221; button_alignment=&#8221;center&#8221; _builder_version=&#8221;4.27.4&#8243; _module_preset=&#8221;default&#8221; custom_button=&#8221;on&#8221; button_text_color=&#8221;#000000&#8243; button_bg_color=&#8221;#ffffff&#8221; button_border_color=&#8221;#000000&#8243; button_font=&#8221;Lato||||||||&#8221; global_colors_info=&#8221;{}&#8221;][\/et_pb_button][\/et_pb_column][et_pb_column type=&#8221;1_3&#8243; _builder_version=&#8221;4.16&#8243; _module_preset=&#8221;default&#8221; global_colors_info=&#8221;{}&#8221;][et_pb_image src=&#8221;\/wp-content\/uploads\/2024\/09\/BALANCE.jpg&#8221; title_text=&#8221;BALANCE&#8221; url=&#8221;\/balance-5\/&#8221; _builder_version=&#8221;4.27.4&#8243; _module_preset=&#8221;default&#8221; global_colors_info=&#8221;{}&#8221;][\/et_pb_image][et_pb_text _builder_version=&#8221;4.27.4&#8243; _module_preset=&#8221;default&#8221; header_font=&#8221;Lato|700|||||||&#8221; header_text_color=&#8221;#000000&#8243; header_font_size=&#8221;20px&#8221; header_line_height=&#8221;1.5em&#8221; text_orientation=&#8221;center&#8221; global_colors_info=&#8221;{}&#8221;]<\/p>\n<h1>BRAVENLY BALANCE<\/h1>\n<p>[\/et_pb_text][et_pb_button button_url=&#8221;\/balance-5\/&#8221; button_text=&#8221;SHOP&#8221; button_alignment=&#8221;center&#8221; _builder_version=&#8221;4.27.4&#8243; _module_preset=&#8221;default&#8221; custom_button=&#8221;on&#8221; button_text_color=&#8221;#000000&#8243; button_bg_color=&#8221;#ffffff&#8221; button_border_color=&#8221;#000000&#8243; button_font=&#8221;Lato||||||||&#8221; global_colors_info=&#8221;{}&#8221;][\/et_pb_button][\/et_pb_column][et_pb_column type=&#8221;1_3&#8243; _builder_version=&#8221;4.16&#8243; _module_preset=&#8221;default&#8221; global_colors_info=&#8221;{}&#8221;][et_pb_image src=&#8221;\/wp-content\/uploads\/2023\/11\/GLOW-FRONT-1.png&#8221; title_text=&#8221;GLOW-FRONT&#8221; url=&#8221;\/es\/glow\/&#8221; _builder_version=&#8221;4.27.4&#8243; _module_preset=&#8221;default&#8221; global_colors_info=&#8221;{}&#8221;][\/et_pb_image][et_pb_text _builder_version=&#8221;4.27.4&#8243; _module_preset=&#8221;default&#8221; header_font=&#8221;Lato|700|||||||&#8221; header_text_color=&#8221;#000000&#8243; header_font_size=&#8221;20px&#8221; header_line_height=&#8221;1.5em&#8221; text_orientation=&#8221;center&#8221; global_colors_info=&#8221;{}&#8221;]<\/p>\n<h1>BRAVENLY GLOW<\/h1>\n<p>[\/et_pb_text][et_pb_button button_url=&#8221;\/es\/glow\/&#8221; button_text=&#8221;SHOP&#8221; button_alignment=&#8221;center&#8221; _builder_version=&#8221;4.27.4&#8243; _module_preset=&#8221;default&#8221; custom_button=&#8221;on&#8221; button_text_color=&#8221;#000000&#8243; button_bg_color=&#8221;#ffffff&#8221; button_border_color=&#8221;#000000&#8243; button_font=&#8221;Lato||||||||&#8221; global_colors_info=&#8221;{}&#8221;][\/et_pb_button][\/et_pb_column][\/et_pb_row][\/et_pb_section]<\/p>\n","protected":false},"excerpt":{"rendered":"<p>BLISSAdi\u00f3s a las pieles muertas Bravenly Bliss es un esmalte corporal totalmente natural, lujoso, vegano y libre de crueldad que no contiene fragancias artificiales y est\u00e1 fabricado en Estados Unidos. Con cada pulido corporal, elimina las c\u00e9lulas muertas de la superficie de la piel, \u00a1dej\u00e1ndote una piel mimada, brillante, suave y tersa! Bravenly Bliss makes [&hellip;]<\/p>\n","protected":false},"author":191432663,"featured_media":0,"parent":0,"menu_order":0,"comment_status":"closed","ping_status":"closed","template":"","meta":{"_et_pb_use_builder":"on","_et_pb_old_content":"","_et_gb_content_width":"","_coblocks_attr":"","_coblocks_dimensions":"","_coblocks_responsive_height":"","_coblocks_accordion_ie_support":"","footnotes":""},"class_list":["post-40496","page","type-page","status-publish","hentry"],"_links":{"self":[{"href":"https:\/\/kalonzo.bravenlyglobal.com\/es\/wp-json\/wp\/v2\/pages\/40496","targetHints":{"allow":["GET"]}}],"collection":[{"href":"https:\/\/kalonzo.bravenlyglobal.com\/es\/wp-json\/wp\/v2\/pages"}],"about":[{"href":"https:\/\/kalonzo.bravenlyglobal.com\/es\/wp-json\/wp\/v2\/types\/page"}],"author":[{"embeddable":true,"href":"https:\/\/kalonzo.bravenlyglobal.com\/es\/wp-json\/wp\/v2\/users\/191432663"}],"replies":[{"embeddable":true,"href":"https:\/\/kalonzo.bravenlyglobal.com\/es\/wp-json\/wp\/v2\/comments?post=40496"}],"version-history":[{"count":5,"href":"https:\/\/kalonzo.bravenlyglobal.com\/es\/wp-json\/wp\/v2\/pages\/40496\/revisions"}],"predecessor-version":[{"id":40564,"href":"https:\/\/kalonzo.bravenlyglobal.com\/es\/wp-json\/wp\/v2\/pages\/40496\/revisions\/40564"}],"wp:attachment":[{"href":"https:\/\/kalonzo.bravenlyglobal.com\/es\/wp-json\/wp\/v2\/media?parent=40496"}],"curies":[{"name":"wp","href":"https:\/\/api.w.org\/{rel}","templated":true}]}}